{"id":77,"date":"2015-01-02T18:54:54","date_gmt":"2015-01-02T17:54:54","guid":{"rendered":"http:\/\/www.toromuelleuno.com\/?page_id=77"},"modified":"2023-01-05T08:27:32","modified_gmt":"2023-01-05T07:27:32","slug":"77-2","status":"publish","type":"page","link":"https:\/\/www.toromuelleuno.com\/es\/","title":{"rendered":"Inicio"},"content":{"rendered":"<div class=\"element  clearfix col2-3 home\"><div class=\"flexslider\"><div class=\"images\"><ul class=\"slides\"><li><a href=\"https:\/\/www.toromuelleuno.com\/es\/slide-view\/toro-muelle-uno\/\"><img decoding=\"async\" src=\"https:\/\/www.toromuelleuno.com\/es\/wp-content\/uploads\/2015\/01\/spanish-tapas-restaurantes-malaga.jpg\"><\/a><\/li><li><a href=\"https:\/\/www.toromuelleuno.com\/es\/slide-view\/restaurante-toro-muelle-uno\/\"><img decoding=\"async\" src=\"https:\/\/www.toromuelleuno.com\/es\/wp-content\/uploads\/2015\/01\/toro-muelle-uno-1.jpg\"><\/a><\/li><li><a href=\"https:\/\/www.toromuelleuno.com\/es\/slide-view\/tapas-malaga\/\"><img decoding=\"async\" src=\"https:\/\/www.toromuelleuno.com\/es\/wp-content\/uploads\/2015\/01\/restaurantes-malaga.jpg\"><\/a><\/li><\/ul><\/div><\/div><\/div>\n\n                        <div class=\"element  clearfix col1-3 white1 home\"><h2>Toro Muelle Uno<\/h2><p>En Toro Muelle Uno maridamos calidad con tradici\u00f3n y vanguardia con productos de nuestra tierra. Saborear la aut\u00e9ntica cocina y tapas en M\u00e1laga, disfrutando de inmejorables vistas a esta bonita cuidad.<\/p>\n<p>Disfruta, \u00e9ste es el momento y \u00e9ste es el lugar.<\/p>\n<p><\/p><p class=\"small bottom\"><a href=\"http:\/\/www.toromuelleuno.com\/es\/contacto\/\">Horarios <span class=\"arrow\">\u2192<\/span><\/a><\/p><\/div><div class=\"element  all clearfix col1-3 home gallery\"><a href=\"https:\/\/www.toromuelleuno.com\/es\/wp-content\/uploads\/2015\/01\/malaga-restaurantes.jpg\" data-title=\"Image Title\" data-fancybox-group=\"group1\" class=\"popup\"><div class=\"images\"><div class=\"parent\"><div class=\"child\"><div class=\"icons zoom\"><\/div><\/div><\/div><img decoding=\"async\" src=\"https:\/\/www.toromuelleuno.com\/es\/wp-content\/uploads\/2015\/01\/malaga-restaurantes-300x402.jpg\"><\/div><\/a><\/div>[sh_home_feature_one_gellary_link\u00bb title=\u00bbGaler\u00eda\u00bb link=\u00bb?page_id=59&#8243;][\/sh_home_feature_one_gellary_link]<div class=\"element all clearfix col1-3 home gallery\"><a href=\"https:\/\/www.toromuelleuno.com\/es\/wp-content\/uploads\/2015\/01\/desserts-malaga.jpg\" data-title=\"Image Title\" data-fancybox-group=\"group1\" class=\"popup\"><div class=\"images\"><div class=\"parent\"><div class=\"child\"><div class=\"icons zoom\"><\/div><\/div><\/div><img decoding=\"async\" src=\"https:\/\/www.toromuelleuno.com\/es\/wp-content\/uploads\/2015\/01\/desserts-malaga-300x402.jpg\"><\/div><\/a><\/div>\n\n\t\t\t\t\n\n                        <div class=\"element  clearfix col1-3 white2 home about\"><h2>Nosotros<\/h2><p>Aut\u00e9ntica y tradicional, haciendo homenaje a la riqueza de nuestra tierra, la cocina del Toro Muelle Uno sorprende por su car\u00e1cter genuino. Disfruta de lo nuestro, en un lugar id\u00edlico de la ciudad, al lado del mar, entre tradici\u00f3n y vanguardia. <\/p><p class=\"small bottom\"><a href=\"http:\/\/www.toromuelleuno.com\/es\/contacto\/\">Contacto <span class=\"arrow\">\u2192<\/span><\/a><\/p><\/div><div class=\"element clearfix col1-3 half home\"><a href=\"#\"><div class=\"images\"><div class=\"parent text\"><div class=\"child\"><span>Men\u00fa<\/span><\/div><\/div><div class=\"dots\"><\/div><div class=\"overlay\"><\/div><img decoding=\"async\" src=\"http:\/\/www.toromuelleuno.com\/wp-content\/uploads\/2015\/01\/spanish-tapas-restaurantes-malaga-271.jpg\"><\/div><\/a><\/div>[sh_home_feature_two_foodmenu_linktwo\u00bb title=\u00bbPostres\u00bb link=\u00bb#\u00bb][\/sh_home_feature_two_foodmenu_linktwo]\n\t\t\t\t\n\n                        <div class=\"element  clearfix col1-3 half white3 home\"><div class=\"flexslider\"><div class=\"images\"><ul class=\"slides\"><li><span class=\"quotation-mark\">\u201c<\/span><blockquote class=\"no-h2\">Estuvimos all\u00ed hace un par de semanas y nos gust\u00f3 mucho. Buen ambiente, servicio exquisito y, por supuesto, excelente comida.<span>Parada obligada \/ 18.2015<\/span><\/blockquote><\/li><li><span class=\"quotation-mark\">\u201c<\/span><blockquote class=\"no-h2\">La comida es excelente. El trato del personal inmejorable destacando su profesionalidad. Y en entorno espectacular!<span>Comida con buenos amigos \/ 2.2015<\/span><\/blockquote><\/li><\/ul><\/div><\/div><\/div><div class=\"element  clearfix col2-3 home about\"><a data-title=\"Image Title\" class=\"video-popup\" href=\"#\"><div class=\"images\"><div class=\"parent\"><div class=\"child\"><div class=\"icons video\"><\/div> <\/div><\/div><img decoding=\"async\" src=\"http:\/\/www.toromuelleuno.com\/wp-content\/uploads\/2015\/01\/spanish-tapas-restaurantes-malaga2.jpg\" alt=\"\" \/><\/div><\/a><\/div><div class=\"element clearfix col1-3 half home\"><a href=\"http:\/\/www.toromuelleuno.com\/es\/reservations\"><div class=\"images\"><div class=\"parent text\"><div class=\"child\"><span>Reservas<\/span><\/div><\/div><div class=\"dots\"><\/div><div class=\"overlay\"><\/div><img decoding=\"async\" src=\"http:\/\/www.toromuelleuno.com\/wp-content\/uploads\/2015\/01\/spanish-tapas-restaurantes-malaga-201.jpg\"><\/div><\/a><\/div>\n\t\t\t\t\n","protected":false},"excerpt":{"rendered":"","protected":false},"author":1,"featured_media":0,"parent":0,"menu_order":0,"comment_status":"closed","ping_status":"closed","template":"home-main.php","meta":{"ngg_post_thumbnail":0,"footnotes":""},"categories":[],"class_list":["post-77","page","type-page","status-publish","hentry","gallery_category-home1"],"yoast_head":"<!-- This site is optimized with the Yoast SEO plugin v27.4 - https:\/\/yoast.com\/product\/yoast-seo-wordpress\/ -->\n<title>Toro Muelle Uno- Aut\u00e9ntica cocina y tapas en M\u00e1laga<\/title>\n<meta name=\"description\" content=\"Aut\u00e9ntica cocina y tapas en M\u00e1laga disfrutando de las mejores vistas de la ciudad, este es el momento, y este es el lugar.\" \/>\n<meta name=\"robots\" content=\"index, follow, max-snippet:-1, max-image-preview:large, max-video-preview:-1\" \/>\n<link rel=\"canonical\" href=\"https:\/\/www.toromuelleuno.com\/es\/\" \/>\n<meta property=\"og:locale\" content=\"es_ES\" \/>\n<meta property=\"og:type\" content=\"article\" \/>\n<meta property=\"og:title\" content=\"Toro Muelle Uno- Aut\u00e9ntica cocina y tapas en M\u00e1laga\" \/>\n<meta property=\"og:description\" content=\"Aut\u00e9ntica cocina y tapas en M\u00e1laga disfrutando de las mejores vistas de la ciudad, este es el momento, y este es el lugar.\" \/>\n<meta property=\"og:url\" content=\"https:\/\/www.toromuelleuno.com\/es\/\" \/>\n<meta property=\"og:site_name\" content=\"Toro Muelle Uno-cocina espa&ntilde;ola y tapas en M&aacute;laga\" \/>\n<meta property=\"article:modified_time\" content=\"2023-01-05T07:27:32+00:00\" \/>\n<meta name=\"twitter:label1\" content=\"Tiempo de lectura\" \/>\n\t<meta name=\"twitter:data1\" content=\"1 minuto\" \/>\n<script type=\"application\/ld+json\" class=\"yoast-schema-graph\">{\"@context\":\"https:\\\/\\\/schema.org\",\"@graph\":[{\"@type\":\"WebPage\",\"@id\":\"https:\\\/\\\/www.toromuelleuno.com\\\/es\\\/\",\"url\":\"https:\\\/\\\/www.toromuelleuno.com\\\/es\\\/\",\"name\":\"Toro Muelle Uno- Aut\u00e9ntica cocina y tapas en M\u00e1laga\",\"isPartOf\":{\"@id\":\"https:\\\/\\\/www.toromuelleuno.com\\\/es\\\/#website\"},\"datePublished\":\"2015-01-02T17:54:54+00:00\",\"dateModified\":\"2023-01-05T07:27:32+00:00\",\"description\":\"Aut\u00e9ntica cocina y tapas en M\u00e1laga disfrutando de las mejores vistas de la ciudad, este es el momento, y este es el lugar.\",\"breadcrumb\":{\"@id\":\"https:\\\/\\\/www.toromuelleuno.com\\\/es\\\/#breadcrumb\"},\"inLanguage\":\"es\",\"potentialAction\":[{\"@type\":\"ReadAction\",\"target\":[\"https:\\\/\\\/www.toromuelleuno.com\\\/es\\\/\"]}]},{\"@type\":\"BreadcrumbList\",\"@id\":\"https:\\\/\\\/www.toromuelleuno.com\\\/es\\\/#breadcrumb\",\"itemListElement\":[{\"@type\":\"ListItem\",\"position\":1,\"name\":\"Home\",\"item\":\"https:\\\/\\\/www.toromuelleuno.com\\\/es\\\/\"},{\"@type\":\"ListItem\",\"position\":2,\"name\":\"Inicio\"}]},{\"@type\":\"WebSite\",\"@id\":\"https:\\\/\\\/www.toromuelleuno.com\\\/es\\\/#website\",\"url\":\"https:\\\/\\\/www.toromuelleuno.com\\\/es\\\/\",\"name\":\"Toro Muelle Uno-cocina espa&ntilde;ola y tapas en M&aacute;laga\",\"description\":\"Mejor restaurante en Malaga\",\"potentialAction\":[{\"@type\":\"SearchAction\",\"target\":{\"@type\":\"EntryPoint\",\"urlTemplate\":\"https:\\\/\\\/www.toromuelleuno.com\\\/es\\\/?s={search_term_string}\"},\"query-input\":{\"@type\":\"PropertyValueSpecification\",\"valueRequired\":true,\"valueName\":\"search_term_string\"}}],\"inLanguage\":\"es\"}]}<\/script>\n<!-- \/ Yoast SEO plugin. -->","yoast_head_json":{"title":"Toro Muelle Uno- Aut\u00e9ntica cocina y tapas en M\u00e1laga","description":"Aut\u00e9ntica cocina y tapas en M\u00e1laga disfrutando de las mejores vistas de la ciudad, este es el momento, y este es el lugar.","robots":{"index":"index","follow":"follow","max-snippet":"max-snippet:-1","max-image-preview":"max-image-preview:large","max-video-preview":"max-video-preview:-1"},"canonical":"https:\/\/www.toromuelleuno.com\/es\/","og_locale":"es_ES","og_type":"article","og_title":"Toro Muelle Uno- Aut\u00e9ntica cocina y tapas en M\u00e1laga","og_description":"Aut\u00e9ntica cocina y tapas en M\u00e1laga disfrutando de las mejores vistas de la ciudad, este es el momento, y este es el lugar.","og_url":"https:\/\/www.toromuelleuno.com\/es\/","og_site_name":"Toro Muelle Uno-cocina espa&ntilde;ola y tapas en M&aacute;laga","article_modified_time":"2023-01-05T07:27:32+00:00","twitter_misc":{"Tiempo de lectura":"1 minuto"},"schema":{"@context":"https:\/\/schema.org","@graph":[{"@type":"WebPage","@id":"https:\/\/www.toromuelleuno.com\/es\/","url":"https:\/\/www.toromuelleuno.com\/es\/","name":"Toro Muelle Uno- Aut\u00e9ntica cocina y tapas en M\u00e1laga","isPartOf":{"@id":"https:\/\/www.toromuelleuno.com\/es\/#website"},"datePublished":"2015-01-02T17:54:54+00:00","dateModified":"2023-01-05T07:27:32+00:00","description":"Aut\u00e9ntica cocina y tapas en M\u00e1laga disfrutando de las mejores vistas de la ciudad, este es el momento, y este es el lugar.","breadcrumb":{"@id":"https:\/\/www.toromuelleuno.com\/es\/#breadcrumb"},"inLanguage":"es","potentialAction":[{"@type":"ReadAction","target":["https:\/\/www.toromuelleuno.com\/es\/"]}]},{"@type":"BreadcrumbList","@id":"https:\/\/www.toromuelleuno.com\/es\/#breadcrumb","itemListElement":[{"@type":"ListItem","position":1,"name":"Home","item":"https:\/\/www.toromuelleuno.com\/es\/"},{"@type":"ListItem","position":2,"name":"Inicio"}]},{"@type":"WebSite","@id":"https:\/\/www.toromuelleuno.com\/es\/#website","url":"https:\/\/www.toromuelleuno.com\/es\/","name":"Toro Muelle Uno-cocina espa&ntilde;ola y tapas en M&aacute;laga","description":"Mejor restaurante en Malaga","potentialAction":[{"@type":"SearchAction","target":{"@type":"EntryPoint","urlTemplate":"https:\/\/www.toromuelleuno.com\/es\/?s={search_term_string}"},"query-input":{"@type":"PropertyValueSpecification","valueRequired":true,"valueName":"search_term_string"}}],"inLanguage":"es"}]}},"_links":{"self":[{"href":"https:\/\/www.toromuelleuno.com\/es\/wp-json\/wp\/v2\/pages\/77","targetHints":{"allow":["GET"]}}],"collection":[{"href":"https:\/\/www.toromuelleuno.com\/es\/wp-json\/wp\/v2\/pages"}],"about":[{"href":"https:\/\/www.toromuelleuno.com\/es\/wp-json\/wp\/v2\/types\/page"}],"author":[{"embeddable":true,"href":"https:\/\/www.toromuelleuno.com\/es\/wp-json\/wp\/v2\/users\/1"}],"replies":[{"embeddable":true,"href":"https:\/\/www.toromuelleuno.com\/es\/wp-json\/wp\/v2\/comments?post=77"}],"version-history":[{"count":1,"href":"https:\/\/www.toromuelleuno.com\/es\/wp-json\/wp\/v2\/pages\/77\/revisions"}],"predecessor-version":[{"id":652,"href":"https:\/\/www.toromuelleuno.com\/es\/wp-json\/wp\/v2\/pages\/77\/revisions\/652"}],"wp:attachment":[{"href":"https:\/\/www.toromuelleuno.com\/es\/wp-json\/wp\/v2\/media?parent=77"}],"wp:term":[{"taxonomy":"category","embeddable":true,"href":"https:\/\/www.toromuelleuno.com\/es\/wp-json\/wp\/v2\/categories?post=77"}],"curies":[{"name":"wp","href":"https:\/\/api.w.org\/{rel}","templated":true}]}}