{"id":720,"date":"2025-11-11T10:00:53","date_gmt":"2025-11-11T09:00:53","guid":{"rendered":"https:\/\/www.toromuelleuno.com\/es\/?page_id=720"},"modified":"2025-11-11T10:01:20","modified_gmt":"2025-11-11T09:01:20","slug":"cenas-navidad-empresas","status":"publish","type":"page","link":"https:\/\/www.toromuelleuno.com\/es\/cenas-navidad-empresas\/","title":{"rendered":"Cenas Navidad Empresas"},"content":{"rendered":"<h3 style=\"text-align: center;\">\ud83c\udf84 Celebra la Navidad con un toque espa\u00f1ol moderno en TORO &#8211; Taste of Spain \ud83c\udf84<br \/>\nEstas fiestas, \u00a1haz que tus cenas de empresa y reuniones festivas sean realmente especiales en TORO! Sum\u00e9rgete en nuestros exclusivos men\u00fas navide\u00f1os dise\u00f1ados para vivir momentos inolvidables con compa\u00f1eros, amigos y familiares.<br \/>\nSaboree un viaje culinario en el que la tradici\u00f3n se une al estilo moderno. Nuestros men\u00fas ofrecen una variedad de platos exquisitos para todos los gustos, desde suculentas carnes y marisco fresco hasta selecciones gourmet de pescado, rabo de toro y postres navide\u00f1os. Experimente la calidad inconfundible por la que TORO es conocido.<br \/>\n\u00bfQu\u00e9 hay en el men\u00fa? \u2728 Entrantes gourmet para dar comienzo a las fiestas \u2728 Una apetitosa selecci\u00f3n de carnes, pescados, cordero y mucho m\u00e1s de primera calidad \u2728 Decadentes postres navide\u00f1os caseros para terminar con una nota dulce<br \/>\n\ud83c\udf81 \u00a1Reserva ya tu mesa y haz que estas fiestas sean inolvidables! \ud83e\udd42<br \/>\nPara reservas y consultas, env\u00edenos un correo electr\u00f3nico a <a href=\"mailto:reservas@restaurantespuertomarina.com\">reservas@restaurantespuertomarina.com<\/a> o llame al +34 951 777 848. Nuestro horario de oficina es de lunes a viernes de 9:00 a 17:00.<br \/>\n\u00a1Hagamos juntos que esta Navidad sea inolvidable! \ud83c\udf89<\/h3>\n<p style=\"text-align: center;\"><a href=\"https:\/\/www.toromuelleuno.com\/es\/wp-content\/uploads\/2025\/11\/TORO-Xmas-A-ES.pdf\" class=\"large square otw-button\" style=\"background-color: #000000;\" target=\"_blank\">Christmas Menu<\/a><\/p>\n","protected":false},"excerpt":{"rendered":"<p>\ud83c\udf84 Celebra la Navidad con un toque espa\u00f1ol moderno en TORO &#8211; Taste of Spain \ud83c\udf84 Estas fiestas, \u00a1haz que tus cenas de empresa y reuniones festivas sean realmente especiales en TORO! Sum\u00e9rgete en nuestros exclusivos men\u00fas navide\u00f1os dise\u00f1ados para vivir momentos inolvidables con compa\u00f1eros, amigos y familiares. Saboree un viaje culinario en el que [&hellip;]<\/p>\n","protected":false},"author":1,"featured_media":0,"parent":0,"menu_order":0,"comment_status":"closed","ping_status":"closed","template":"page-fullwidth.php","meta":{"ngg_post_thumbnail":0,"footnotes":""},"categories":[],"class_list":["post-720","page","type-page","status-publish","hentry"],"yoast_head":"<!-- This site is optimized with the Yoast SEO plugin v27.5 - https:\/\/yoast.com\/product\/yoast-seo-wordpress\/ -->\n<title>Cenas Navidad Empresas - Toro Muelle Uno-cocina espa&ntilde;ola y tapas en M&aacute;laga<\/title>\n<meta name=\"robots\" content=\"index, follow, max-snippet:-1, max-image-preview:large, max-video-preview:-1\" \/>\n<link rel=\"canonical\" href=\"https:\/\/www.toromuelleuno.com\/es\/cenas-navidad-empresas\/\" \/>\n<meta property=\"og:locale\" content=\"es_ES\" \/>\n<meta property=\"og:type\" content=\"article\" \/>\n<meta property=\"og:title\" content=\"Cenas Navidad Empresas - Toro Muelle Uno-cocina espa&ntilde;ola y tapas en M&aacute;laga\" \/>\n<meta property=\"og:description\" content=\"\ud83c\udf84 Celebra la Navidad con un toque espa\u00f1ol moderno en TORO &#8211; Taste of Spain \ud83c\udf84 Estas fiestas, \u00a1haz que tus cenas de empresa y reuniones festivas sean realmente especiales en TORO! Sum\u00e9rgete en nuestros exclusivos men\u00fas navide\u00f1os dise\u00f1ados para vivir momentos inolvidables con compa\u00f1eros, amigos y familiares. Saboree un viaje culinario en el que [&hellip;]\" \/>\n<meta property=\"og:url\" content=\"https:\/\/www.toromuelleuno.com\/es\/cenas-navidad-empresas\/\" \/>\n<meta property=\"og:site_name\" content=\"Toro Muelle Uno-cocina espa&ntilde;ola y tapas en M&aacute;laga\" \/>\n<meta property=\"article:modified_time\" content=\"2025-11-11T09:01:20+00:00\" \/>\n<meta name=\"twitter:label1\" content=\"Tiempo de lectura\" \/>\n\t<meta name=\"twitter:data1\" content=\"1 minuto\" \/>\n<script type=\"application\/ld+json\" class=\"yoast-schema-graph\">{\"@context\":\"https:\\\/\\\/schema.org\",\"@graph\":[{\"@type\":\"WebPage\",\"@id\":\"https:\\\/\\\/www.toromuelleuno.com\\\/es\\\/cenas-navidad-empresas\\\/\",\"url\":\"https:\\\/\\\/www.toromuelleuno.com\\\/es\\\/cenas-navidad-empresas\\\/\",\"name\":\"Cenas Navidad Empresas - Toro Muelle Uno-cocina espa&ntilde;ola y tapas en M&aacute;laga\",\"isPartOf\":{\"@id\":\"https:\\\/\\\/www.toromuelleuno.com\\\/es\\\/#website\"},\"datePublished\":\"2025-11-11T09:00:53+00:00\",\"dateModified\":\"2025-11-11T09:01:20+00:00\",\"breadcrumb\":{\"@id\":\"https:\\\/\\\/www.toromuelleuno.com\\\/es\\\/cenas-navidad-empresas\\\/#breadcrumb\"},\"inLanguage\":\"es\",\"potentialAction\":[{\"@type\":\"ReadAction\",\"target\":[\"https:\\\/\\\/www.toromuelleuno.com\\\/es\\\/cenas-navidad-empresas\\\/\"]}]},{\"@type\":\"BreadcrumbList\",\"@id\":\"https:\\\/\\\/www.toromuelleuno.com\\\/es\\\/cenas-navidad-empresas\\\/#breadcrumb\",\"itemListElement\":[{\"@type\":\"ListItem\",\"position\":1,\"name\":\"Home\",\"item\":\"https:\\\/\\\/www.toromuelleuno.com\\\/es\\\/\"},{\"@type\":\"ListItem\",\"position\":2,\"name\":\"Cenas Navidad Empresas\"}]},{\"@type\":\"WebSite\",\"@id\":\"https:\\\/\\\/www.toromuelleuno.com\\\/es\\\/#website\",\"url\":\"https:\\\/\\\/www.toromuelleuno.com\\\/es\\\/\",\"name\":\"Toro Muelle Uno-cocina espa&ntilde;ola y tapas en M&aacute;laga\",\"description\":\"Mejor restaurante en Malaga\",\"potentialAction\":[{\"@type\":\"SearchAction\",\"target\":{\"@type\":\"EntryPoint\",\"urlTemplate\":\"https:\\\/\\\/www.toromuelleuno.com\\\/es\\\/?s={search_term_string}\"},\"query-input\":{\"@type\":\"PropertyValueSpecification\",\"valueRequired\":true,\"valueName\":\"search_term_string\"}}],\"inLanguage\":\"es\"}]}<\/script>\n<!-- \/ Yoast SEO plugin. -->","yoast_head_json":{"title":"Cenas Navidad Empresas - Toro Muelle Uno-cocina espa&ntilde;ola y tapas en M&aacute;laga","robots":{"index":"index","follow":"follow","max-snippet":"max-snippet:-1","max-image-preview":"max-image-preview:large","max-video-preview":"max-video-preview:-1"},"canonical":"https:\/\/www.toromuelleuno.com\/es\/cenas-navidad-empresas\/","og_locale":"es_ES","og_type":"article","og_title":"Cenas Navidad Empresas - Toro Muelle Uno-cocina espa&ntilde;ola y tapas en M&aacute;laga","og_description":"\ud83c\udf84 Celebra la Navidad con un toque espa\u00f1ol moderno en TORO &#8211; Taste of Spain \ud83c\udf84 Estas fiestas, \u00a1haz que tus cenas de empresa y reuniones festivas sean realmente especiales en TORO! Sum\u00e9rgete en nuestros exclusivos men\u00fas navide\u00f1os dise\u00f1ados para vivir momentos inolvidables con compa\u00f1eros, amigos y familiares. Saboree un viaje culinario en el que [&hellip;]","og_url":"https:\/\/www.toromuelleuno.com\/es\/cenas-navidad-empresas\/","og_site_name":"Toro Muelle Uno-cocina espa&ntilde;ola y tapas en M&aacute;laga","article_modified_time":"2025-11-11T09:01:20+00:00","twitter_misc":{"Tiempo de lectura":"1 minuto"},"schema":{"@context":"https:\/\/schema.org","@graph":[{"@type":"WebPage","@id":"https:\/\/www.toromuelleuno.com\/es\/cenas-navidad-empresas\/","url":"https:\/\/www.toromuelleuno.com\/es\/cenas-navidad-empresas\/","name":"Cenas Navidad Empresas - Toro Muelle Uno-cocina espa&ntilde;ola y tapas en M&aacute;laga","isPartOf":{"@id":"https:\/\/www.toromuelleuno.com\/es\/#website"},"datePublished":"2025-11-11T09:00:53+00:00","dateModified":"2025-11-11T09:01:20+00:00","breadcrumb":{"@id":"https:\/\/www.toromuelleuno.com\/es\/cenas-navidad-empresas\/#breadcrumb"},"inLanguage":"es","potentialAction":[{"@type":"ReadAction","target":["https:\/\/www.toromuelleuno.com\/es\/cenas-navidad-empresas\/"]}]},{"@type":"BreadcrumbList","@id":"https:\/\/www.toromuelleuno.com\/es\/cenas-navidad-empresas\/#breadcrumb","itemListElement":[{"@type":"ListItem","position":1,"name":"Home","item":"https:\/\/www.toromuelleuno.com\/es\/"},{"@type":"ListItem","position":2,"name":"Cenas Navidad Empresas"}]},{"@type":"WebSite","@id":"https:\/\/www.toromuelleuno.com\/es\/#website","url":"https:\/\/www.toromuelleuno.com\/es\/","name":"Toro Muelle Uno-cocina espa&ntilde;ola y tapas en M&aacute;laga","description":"Mejor restaurante en Malaga","potentialAction":[{"@type":"SearchAction","target":{"@type":"EntryPoint","urlTemplate":"https:\/\/www.toromuelleuno.com\/es\/?s={search_term_string}"},"query-input":{"@type":"PropertyValueSpecification","valueRequired":true,"valueName":"search_term_string"}}],"inLanguage":"es"}]}},"_links":{"self":[{"href":"https:\/\/www.toromuelleuno.com\/es\/wp-json\/wp\/v2\/pages\/720","targetHints":{"allow":["GET"]}}],"collection":[{"href":"https:\/\/www.toromuelleuno.com\/es\/wp-json\/wp\/v2\/pages"}],"about":[{"href":"https:\/\/www.toromuelleuno.com\/es\/wp-json\/wp\/v2\/types\/page"}],"author":[{"embeddable":true,"href":"https:\/\/www.toromuelleuno.com\/es\/wp-json\/wp\/v2\/users\/1"}],"replies":[{"embeddable":true,"href":"https:\/\/www.toromuelleuno.com\/es\/wp-json\/wp\/v2\/comments?post=720"}],"version-history":[{"count":1,"href":"https:\/\/www.toromuelleuno.com\/es\/wp-json\/wp\/v2\/pages\/720\/revisions"}],"predecessor-version":[{"id":724,"href":"https:\/\/www.toromuelleuno.com\/es\/wp-json\/wp\/v2\/pages\/720\/revisions\/724"}],"wp:attachment":[{"href":"https:\/\/www.toromuelleuno.com\/es\/wp-json\/wp\/v2\/media?parent=720"}],"wp:term":[{"taxonomy":"category","embeddable":true,"href":"https:\/\/www.toromuelleuno.com\/es\/wp-json\/wp\/v2\/categories?post=720"}],"curies":[{"name":"wp","href":"https:\/\/api.w.org\/{rel}","templated":true}]}}