{"id":72,"date":"2015-01-02T18:26:45","date_gmt":"2015-01-02T17:26:45","guid":{"rendered":"http:\/\/www.toromuelleuno.com\/?page_id=72"},"modified":"2015-01-26T10:11:22","modified_gmt":"2015-01-26T09:11:22","slug":"nosotros","status":"publish","type":"page","link":"https:\/\/www.toromuelleuno.com\/es\/nosotros\/","title":{"rendered":"Nosotros"},"content":{"rendered":"<p>\n\t\t\t\t<div class=\"element  clearfix col1-3 white2 home about backex\">\n                        <h2>NOSOTROS<\/h2><p>Aut\u00e9ntica y tradicional, haciendo homenaje a la riqueza de nuestra tierra, la cocina del Toro Muelle Uno sorprende por su car\u00e1cter genuino. Disfruta de lo nuestro, en un lugar id\u00edlico de la ciudad, al lado del mar, entre tradici\u00f3n y vanguardia.<\/p><p class=\"small bottom\"><a href=\"http:\/\/www.toromuelleuno.com\/es\/contacto\">Contacto <span class=\"arrow\">\u2192<\/span><\/a><\/p>\n\t\t\t\t<\/div>\n\t\t\t\t<div class=\"element  clearfix col2-3 triple white1 home contact\"><img loading=\"lazy\" decoding=\"async\" class=\"\" src=\"http:\/\/www.toromuelleuno.com\/wp-content\/uploads\/2015\/01\/spanish-tapas-restaurantes-malaga2.jpg\" alt=\"\" width=\"620\" height=\"402\" \/><\/div><\/p>\n","protected":false},"excerpt":{"rendered":"","protected":false},"author":1,"featured_media":149,"parent":0,"menu_order":0,"comment_status":"closed","ping_status":"closed","template":"home-main.php","meta":{"ngg_post_thumbnail":0,"footnotes":""},"categories":[],"class_list":["post-72","page","type-page","status-publish","has-post-thumbnail","hentry"],"yoast_head":"<!-- This site is optimized with the Yoast SEO plugin v27.4 - https:\/\/yoast.com\/product\/yoast-seo-wordpress\/ -->\n<title>Nosotros - Toro Muelle Uno-cocina espa&ntilde;ola y tapas en M&aacute;laga<\/title>\n<meta name=\"robots\" content=\"index, follow, max-snippet:-1, max-image-preview:large, max-video-preview:-1\" \/>\n<link rel=\"canonical\" href=\"https:\/\/www.toromuelleuno.com\/es\/nosotros\/\" \/>\n<meta property=\"og:locale\" content=\"es_ES\" \/>\n<meta property=\"og:type\" content=\"article\" \/>\n<meta property=\"og:title\" content=\"Nosotros - Toro Muelle Uno-cocina espa&ntilde;ola y tapas en M&aacute;laga\" \/>\n<meta property=\"og:url\" content=\"https:\/\/www.toromuelleuno.com\/es\/nosotros\/\" \/>\n<meta property=\"og:site_name\" content=\"Toro Muelle Uno-cocina espa&ntilde;ola y tapas en M&aacute;laga\" \/>\n<meta property=\"article:modified_time\" content=\"2015-01-26T09:11:22+00:00\" \/>\n<meta property=\"og:image\" content=\"https:\/\/www.toromuelleuno.com\/es\/wp-content\/uploads\/2015\/01\/spanish-tapas-restaurantes-malaga-2.jpg\" \/>\n\t<meta property=\"og:image:width\" content=\"800\" \/>\n\t<meta property=\"og:image:height\" content=\"439\" \/>\n\t<meta property=\"og:image:type\" content=\"image\/jpeg\" \/>\n<script type=\"application\/ld+json\" class=\"yoast-schema-graph\">{\"@context\":\"https:\\\/\\\/schema.org\",\"@graph\":[{\"@type\":\"WebPage\",\"@id\":\"https:\\\/\\\/www.toromuelleuno.com\\\/es\\\/nosotros\\\/\",\"url\":\"https:\\\/\\\/www.toromuelleuno.com\\\/es\\\/nosotros\\\/\",\"name\":\"Nosotros - Toro Muelle Uno-cocina espa&ntilde;ola y tapas en M&aacute;laga\",\"isPartOf\":{\"@id\":\"https:\\\/\\\/www.toromuelleuno.com\\\/es\\\/#website\"},\"primaryImageOfPage\":{\"@id\":\"https:\\\/\\\/www.toromuelleuno.com\\\/es\\\/nosotros\\\/#primaryimage\"},\"image\":{\"@id\":\"https:\\\/\\\/www.toromuelleuno.com\\\/es\\\/nosotros\\\/#primaryimage\"},\"thumbnailUrl\":\"https:\\\/\\\/www.toromuelleuno.com\\\/es\\\/wp-content\\\/uploads\\\/2015\\\/01\\\/spanish-tapas-restaurantes-malaga-2.jpg\",\"datePublished\":\"2015-01-02T17:26:45+00:00\",\"dateModified\":\"2015-01-26T09:11:22+00:00\",\"breadcrumb\":{\"@id\":\"https:\\\/\\\/www.toromuelleuno.com\\\/es\\\/nosotros\\\/#breadcrumb\"},\"inLanguage\":\"es\",\"potentialAction\":[{\"@type\":\"ReadAction\",\"target\":[\"https:\\\/\\\/www.toromuelleuno.com\\\/es\\\/nosotros\\\/\"]}]},{\"@type\":\"ImageObject\",\"inLanguage\":\"es\",\"@id\":\"https:\\\/\\\/www.toromuelleuno.com\\\/es\\\/nosotros\\\/#primaryimage\",\"url\":\"https:\\\/\\\/www.toromuelleuno.com\\\/es\\\/wp-content\\\/uploads\\\/2015\\\/01\\\/spanish-tapas-restaurantes-malaga-2.jpg\",\"contentUrl\":\"https:\\\/\\\/www.toromuelleuno.com\\\/es\\\/wp-content\\\/uploads\\\/2015\\\/01\\\/spanish-tapas-restaurantes-malaga-2.jpg\",\"width\":800,\"height\":439},{\"@type\":\"BreadcrumbList\",\"@id\":\"https:\\\/\\\/www.toromuelleuno.com\\\/es\\\/nosotros\\\/#breadcrumb\",\"itemListElement\":[{\"@type\":\"ListItem\",\"position\":1,\"name\":\"Home\",\"item\":\"https:\\\/\\\/www.toromuelleuno.com\\\/es\\\/\"},{\"@type\":\"ListItem\",\"position\":2,\"name\":\"Nosotros\"}]},{\"@type\":\"WebSite\",\"@id\":\"https:\\\/\\\/www.toromuelleuno.com\\\/es\\\/#website\",\"url\":\"https:\\\/\\\/www.toromuelleuno.com\\\/es\\\/\",\"name\":\"Toro Muelle Uno-cocina espa&ntilde;ola y tapas en M&aacute;laga\",\"description\":\"Mejor restaurante en Malaga\",\"potentialAction\":[{\"@type\":\"SearchAction\",\"target\":{\"@type\":\"EntryPoint\",\"urlTemplate\":\"https:\\\/\\\/www.toromuelleuno.com\\\/es\\\/?s={search_term_string}\"},\"query-input\":{\"@type\":\"PropertyValueSpecification\",\"valueRequired\":true,\"valueName\":\"search_term_string\"}}],\"inLanguage\":\"es\"}]}<\/script>\n<!-- \/ Yoast SEO plugin. -->","yoast_head_json":{"title":"Nosotros - Toro Muelle Uno-cocina espa&ntilde;ola y tapas en M&aacute;laga","robots":{"index":"index","follow":"follow","max-snippet":"max-snippet:-1","max-image-preview":"max-image-preview:large","max-video-preview":"max-video-preview:-1"},"canonical":"https:\/\/www.toromuelleuno.com\/es\/nosotros\/","og_locale":"es_ES","og_type":"article","og_title":"Nosotros - Toro Muelle Uno-cocina espa&ntilde;ola y tapas en M&aacute;laga","og_url":"https:\/\/www.toromuelleuno.com\/es\/nosotros\/","og_site_name":"Toro Muelle Uno-cocina espa&ntilde;ola y tapas en M&aacute;laga","article_modified_time":"2015-01-26T09:11:22+00:00","og_image":[{"width":800,"height":439,"url":"https:\/\/www.toromuelleuno.com\/es\/wp-content\/uploads\/2015\/01\/spanish-tapas-restaurantes-malaga-2.jpg","type":"image\/jpeg"}],"schema":{"@context":"https:\/\/schema.org","@graph":[{"@type":"WebPage","@id":"https:\/\/www.toromuelleuno.com\/es\/nosotros\/","url":"https:\/\/www.toromuelleuno.com\/es\/nosotros\/","name":"Nosotros - Toro Muelle Uno-cocina espa&ntilde;ola y tapas en M&aacute;laga","isPartOf":{"@id":"https:\/\/www.toromuelleuno.com\/es\/#website"},"primaryImageOfPage":{"@id":"https:\/\/www.toromuelleuno.com\/es\/nosotros\/#primaryimage"},"image":{"@id":"https:\/\/www.toromuelleuno.com\/es\/nosotros\/#primaryimage"},"thumbnailUrl":"https:\/\/www.toromuelleuno.com\/es\/wp-content\/uploads\/2015\/01\/spanish-tapas-restaurantes-malaga-2.jpg","datePublished":"2015-01-02T17:26:45+00:00","dateModified":"2015-01-26T09:11:22+00:00","breadcrumb":{"@id":"https:\/\/www.toromuelleuno.com\/es\/nosotros\/#breadcrumb"},"inLanguage":"es","potentialAction":[{"@type":"ReadAction","target":["https:\/\/www.toromuelleuno.com\/es\/nosotros\/"]}]},{"@type":"ImageObject","inLanguage":"es","@id":"https:\/\/www.toromuelleuno.com\/es\/nosotros\/#primaryimage","url":"https:\/\/www.toromuelleuno.com\/es\/wp-content\/uploads\/2015\/01\/spanish-tapas-restaurantes-malaga-2.jpg","contentUrl":"https:\/\/www.toromuelleuno.com\/es\/wp-content\/uploads\/2015\/01\/spanish-tapas-restaurantes-malaga-2.jpg","width":800,"height":439},{"@type":"BreadcrumbList","@id":"https:\/\/www.toromuelleuno.com\/es\/nosotros\/#breadcrumb","itemListElement":[{"@type":"ListItem","position":1,"name":"Home","item":"https:\/\/www.toromuelleuno.com\/es\/"},{"@type":"ListItem","position":2,"name":"Nosotros"}]},{"@type":"WebSite","@id":"https:\/\/www.toromuelleuno.com\/es\/#website","url":"https:\/\/www.toromuelleuno.com\/es\/","name":"Toro Muelle Uno-cocina espa&ntilde;ola y tapas en M&aacute;laga","description":"Mejor restaurante en Malaga","potentialAction":[{"@type":"SearchAction","target":{"@type":"EntryPoint","urlTemplate":"https:\/\/www.toromuelleuno.com\/es\/?s={search_term_string}"},"query-input":{"@type":"PropertyValueSpecification","valueRequired":true,"valueName":"search_term_string"}}],"inLanguage":"es"}]}},"_links":{"self":[{"href":"https:\/\/www.toromuelleuno.com\/es\/wp-json\/wp\/v2\/pages\/72","targetHints":{"allow":["GET"]}}],"collection":[{"href":"https:\/\/www.toromuelleuno.com\/es\/wp-json\/wp\/v2\/pages"}],"about":[{"href":"https:\/\/www.toromuelleuno.com\/es\/wp-json\/wp\/v2\/types\/page"}],"author":[{"embeddable":true,"href":"https:\/\/www.toromuelleuno.com\/es\/wp-json\/wp\/v2\/users\/1"}],"replies":[{"embeddable":true,"href":"https:\/\/www.toromuelleuno.com\/es\/wp-json\/wp\/v2\/comments?post=72"}],"version-history":[{"count":2,"href":"https:\/\/www.toromuelleuno.com\/es\/wp-json\/wp\/v2\/pages\/72\/revisions"}],"predecessor-version":[{"id":346,"href":"https:\/\/www.toromuelleuno.com\/es\/wp-json\/wp\/v2\/pages\/72\/revisions\/346"}],"wp:featuredmedia":[{"embeddable":true,"href":"https:\/\/www.toromuelleuno.com\/es\/wp-json\/wp\/v2\/media\/149"}],"wp:attachment":[{"href":"https:\/\/www.toromuelleuno.com\/es\/wp-json\/wp\/v2\/media?parent=72"}],"wp:term":[{"taxonomy":"category","embeddable":true,"href":"https:\/\/www.toromuelleuno.com\/es\/wp-json\/wp\/v2\/categories?post=72"}],"curies":[{"name":"wp","href":"https:\/\/api.w.org\/{rel}","templated":true}]}}