{"id":545,"date":"2018-05-24T17:53:19","date_gmt":"2018-05-24T15:53:19","guid":{"rendered":"http:\/\/www.toromuelleuno.com\/es\/?page_id=545"},"modified":"2018-05-24T17:54:00","modified_gmt":"2018-05-24T15:54:00","slug":"borrarme","status":"publish","type":"page","link":"https:\/\/www.toromuelleuno.com\/es\/contacto\/borrarme\/","title":{"rendered":"Borrarme"},"content":{"rendered":"<p>El siguiente formulario le da derecho a solicitar cualquier informaci\u00f3n personal que tengamos de usted en base a consultas anteriores de este sitio web o por cualquier otro medio. de acuerdo con GDPR. Para obtener m\u00e1s informaci\u00f3n, visite nuestra p\u00e1gina de <a href=\"http:\/\/www.toromuelleuno.com\/es\/politica-de-privacidad\/\" target=\"_blank\" rel=\"noopener\">Pol\u00edtica de Privacidad aqu\u00ed<\/a>.<\/p>\n<div class=\"frm_forms  with_frm_style frm_style_formidable-style\" id=\"frm_form_5_container\" >\n<form enctype=\"multipart\/form-data\" method=\"post\" class=\"frm-show-form  frm_pro_form \" id=\"form_contact2\" >\n<div class=\"frm_form_fields \">\n<fieldset>\n<legend class=\"frm_screen_reader\">Right to be forgotten<\/legend>\r\n\r\n<div class=\"frm_fields_container\">\n<input type=\"hidden\" name=\"frm_action\" value=\"create\" \/>\n<input type=\"hidden\" name=\"form_id\" value=\"5\" \/>\n<input type=\"hidden\" name=\"frm_hide_fields_5\" id=\"frm_hide_fields_5\" value=\"\" \/>\n<input type=\"hidden\" name=\"form_key\" value=\"contact2\" \/>\n<input type=\"hidden\" name=\"item_meta[0]\" value=\"\" \/>\n<input type=\"hidden\" id=\"frm_submit_entry_5\" name=\"frm_submit_entry_5\" value=\"7358194a6d\" \/><input type=\"hidden\" name=\"_wp_http_referer\" value=\"\/es\/wp-json\/wp\/v2\/pages\/545\" \/><div id=\"frm_field_64_container\" class=\"frm_form_field form-field  frm_required_field frm_top_container frm_first frm_half\">\r\n    <label for=\"field_qh4icy5\" class=\"frm_primary_label\">Nombre\r\n        <span class=\"frm_required\"><\/span>\r\n    <\/label>\r\n    <input  type=\"text\" id=\"field_qh4icy5\" name=\"item_meta[64]\" value=\"\"  data-reqmsg=\"Nombre cannot be blank.\" aria-required=\"true\" data-invmsg=\"Name is invalid\" aria-invalid=\"false\"   \/>\r\n    \r\n    \r\n<\/div>\n<div id=\"frm_field_65_container\" class=\"frm_form_field form-field  frm_required_field frm_hidden_container frm_half\">\r\n    <label for=\"field_ocfup15\" class=\"frm_primary_label\">Apellido\r\n        <span class=\"frm_required\"><\/span>\r\n    <\/label>\r\n    <input  type=\"text\" id=\"field_ocfup15\" name=\"item_meta[65]\" value=\"\"  data-reqmsg=\"Apellido cannot be blank.\" aria-required=\"true\" data-invmsg=\"Last is invalid\" aria-invalid=\"false\"   \/>\r\n    \r\n    \r\n<\/div>\n<div id=\"frm_field_66_container\" class=\"frm_form_field form-field  frm_required_field frm_top_container frm_first frm_half\">\r\n    <label for=\"field_29yf4d5\" class=\"frm_primary_label\">Email\r\n        <span class=\"frm_required\"><\/span>\r\n    <\/label>\r\n    <input type=\"email\" id=\"field_29yf4d5\" name=\"item_meta[66]\" value=\"\"  data-reqmsg=\"Email cannot be blank.\" aria-required=\"true\" data-invmsg=\"Please enter a valid email address\" aria-invalid=\"false\"  \/>\r\n    \r\n    \r\n<\/div>\n<div id=\"frm_field_67_container\" class=\"frm_form_field form-field  frm_top_container frm_half\">\r\n    <label for=\"field_e6lis65\" class=\"frm_primary_label\">Tema\r\n        <span class=\"frm_required\"><\/span>\r\n    <\/label>\r\n    <input  type=\"text\" id=\"field_e6lis65\" name=\"item_meta[67]\" value=\"Eliminar mis datos\"  readonly=\"readonly\"  data-frmval=\"Eliminar mis datos\" data-invmsg=\"Subject is invalid\" aria-invalid=\"false\"   \/>\r\n    \r\n    \r\n<\/div>\n<div id=\"frm_field_68_container\" class=\"frm_form_field form-field  frm_required_field frm_top_container frm_full\">\r\n    <label for=\"field_9jv0r15\" class=\"frm_primary_label\">Mensaje\r\n        <span class=\"frm_required\"><\/span>\r\n    <\/label>\r\n    <textarea name=\"item_meta[68]\" id=\"field_9jv0r15\" rows=\"5\"  data-reqmsg=\"Mensaje cannot be blank.\" aria-required=\"true\" data-invmsg=\"Mensaje no es v\u00e1lido\" aria-invalid=\"false\"  ><\/textarea>\r\n    \r\n    \r\n<\/div>\n\t<input type=\"hidden\" name=\"item_key\" value=\"\" \/>\n\t\t\t<div id=\"frm_field_74_container\">\n\t\t\t<label for=\"field_w24ti\" >\n\t\t\t\tSi eres humano, deja este campo en blanco.\t\t\t<\/label>\n\t\t\t<input  id=\"field_w24ti\" type=\"text\" class=\"frm_form_field form-field frm_verify\" name=\"item_meta[74]\" value=\"\"  \/>\n\t\t<\/div>\n\t\t<input name=\"frm_state\" type=\"hidden\" value=\"Z7nN8PA7ViLRopEz93PG3e1d5rBcdWrGOcst9lupSLmVUPs2YUZJ2GbuFvxOGT4s\" \/><div class=\"frm_submit\">\r\n\r\n<button class=\"frm_button_submit frm_final_submit\" type=\"submit\"   formnovalidate=\"formnovalidate\">Enviar<\/button>\r\n\r\n<\/div><\/div>\n<\/fieldset>\n<\/div>\n\n<p style=\"display: none !important;\" class=\"akismet-fields-container\" data-prefix=\"ak_\"><label>&#916;<textarea name=\"ak_hp_textarea\" cols=\"45\" rows=\"8\" maxlength=\"100\"><\/textarea><\/label><input type=\"hidden\" id=\"ak_js_1\" name=\"ak_js\" value=\"54\"\/><script>document.getElementById( \"ak_js_1\" ).setAttribute( \"value\", ( new Date() ).getTime() );<\/script><\/p><\/form>\n<\/div>\n\n","protected":false},"excerpt":{"rendered":"<p>El siguiente formulario le da derecho a solicitar cualquier informaci\u00f3n personal que tengamos de usted en base a consultas anteriores de este sitio web o por cualquier otro medio. de acuerdo con GDPR. Para obtener m\u00e1s informaci\u00f3n, visite nuestra p\u00e1gina de Pol\u00edtica de Privacidad aqu\u00ed.<\/p>\n","protected":false},"author":1,"featured_media":0,"parent":23,"menu_order":0,"comment_status":"closed","ping_status":"closed","template":"page-fullwidth.php","meta":{"ngg_post_thumbnail":0,"footnotes":""},"categories":[],"class_list":["post-545","page","type-page","status-publish","hentry"],"yoast_head":"<!-- This site is optimized with the Yoast SEO plugin v27.4 - https:\/\/yoast.com\/product\/yoast-seo-wordpress\/ -->\n<title>Borrarme - Toro Muelle Uno-cocina espa&ntilde;ola y tapas en M&aacute;laga<\/title>\n<meta name=\"robots\" content=\"index, follow, max-snippet:-1, max-image-preview:large, max-video-preview:-1\" \/>\n<link rel=\"canonical\" href=\"https:\/\/www.toromuelleuno.com\/es\/contacto\/borrarme\/\" \/>\n<meta property=\"og:locale\" content=\"es_ES\" \/>\n<meta property=\"og:type\" content=\"article\" \/>\n<meta property=\"og:title\" content=\"Borrarme - Toro Muelle Uno-cocina espa&ntilde;ola y tapas en M&aacute;laga\" \/>\n<meta property=\"og:description\" content=\"El siguiente formulario le da derecho a solicitar cualquier informaci\u00f3n personal que tengamos de usted en base a consultas anteriores de este sitio web o por cualquier otro medio. de acuerdo con GDPR. Para obtener m\u00e1s informaci\u00f3n, visite nuestra p\u00e1gina de Pol\u00edtica de Privacidad aqu\u00ed.\" \/>\n<meta property=\"og:url\" content=\"https:\/\/www.toromuelleuno.com\/es\/contacto\/borrarme\/\" \/>\n<meta property=\"og:site_name\" content=\"Toro Muelle Uno-cocina espa&ntilde;ola y tapas en M&aacute;laga\" \/>\n<meta property=\"article:modified_time\" content=\"2018-05-24T15:54:00+00:00\" \/>\n<script type=\"application\/ld+json\" class=\"yoast-schema-graph\">{\"@context\":\"https:\\\/\\\/schema.org\",\"@graph\":[{\"@type\":\"WebPage\",\"@id\":\"https:\\\/\\\/www.toromuelleuno.com\\\/es\\\/contacto\\\/borrarme\\\/\",\"url\":\"https:\\\/\\\/www.toromuelleuno.com\\\/es\\\/contacto\\\/borrarme\\\/\",\"name\":\"Borrarme - Toro Muelle Uno-cocina espa&ntilde;ola y tapas en M&aacute;laga\",\"isPartOf\":{\"@id\":\"https:\\\/\\\/www.toromuelleuno.com\\\/es\\\/#website\"},\"datePublished\":\"2018-05-24T15:53:19+00:00\",\"dateModified\":\"2018-05-24T15:54:00+00:00\",\"breadcrumb\":{\"@id\":\"https:\\\/\\\/www.toromuelleuno.com\\\/es\\\/contacto\\\/borrarme\\\/#breadcrumb\"},\"inLanguage\":\"es\",\"potentialAction\":[{\"@type\":\"ReadAction\",\"target\":[\"https:\\\/\\\/www.toromuelleuno.com\\\/es\\\/contacto\\\/borrarme\\\/\"]}]},{\"@type\":\"BreadcrumbList\",\"@id\":\"https:\\\/\\\/www.toromuelleuno.com\\\/es\\\/contacto\\\/borrarme\\\/#breadcrumb\",\"itemListElement\":[{\"@type\":\"ListItem\",\"position\":1,\"name\":\"Home\",\"item\":\"https:\\\/\\\/www.toromuelleuno.com\\\/es\\\/\"},{\"@type\":\"ListItem\",\"position\":2,\"name\":\"Contacto\",\"item\":\"https:\\\/\\\/www.toromuelleuno.com\\\/es\\\/contacto\\\/\"},{\"@type\":\"ListItem\",\"position\":3,\"name\":\"Borrarme\"}]},{\"@type\":\"WebSite\",\"@id\":\"https:\\\/\\\/www.toromuelleuno.com\\\/es\\\/#website\",\"url\":\"https:\\\/\\\/www.toromuelleuno.com\\\/es\\\/\",\"name\":\"Toro Muelle Uno-cocina espa&ntilde;ola y tapas en M&aacute;laga\",\"description\":\"Mejor restaurante en Malaga\",\"potentialAction\":[{\"@type\":\"SearchAction\",\"target\":{\"@type\":\"EntryPoint\",\"urlTemplate\":\"https:\\\/\\\/www.toromuelleuno.com\\\/es\\\/?s={search_term_string}\"},\"query-input\":{\"@type\":\"PropertyValueSpecification\",\"valueRequired\":true,\"valueName\":\"search_term_string\"}}],\"inLanguage\":\"es\"}]}<\/script>\n<!-- \/ Yoast SEO plugin. -->","yoast_head_json":{"title":"Borrarme - Toro Muelle Uno-cocina espa&ntilde;ola y tapas en M&aacute;laga","robots":{"index":"index","follow":"follow","max-snippet":"max-snippet:-1","max-image-preview":"max-image-preview:large","max-video-preview":"max-video-preview:-1"},"canonical":"https:\/\/www.toromuelleuno.com\/es\/contacto\/borrarme\/","og_locale":"es_ES","og_type":"article","og_title":"Borrarme - Toro Muelle Uno-cocina espa&ntilde;ola y tapas en M&aacute;laga","og_description":"El siguiente formulario le da derecho a solicitar cualquier informaci\u00f3n personal que tengamos de usted en base a consultas anteriores de este sitio web o por cualquier otro medio. de acuerdo con GDPR. Para obtener m\u00e1s informaci\u00f3n, visite nuestra p\u00e1gina de Pol\u00edtica de Privacidad aqu\u00ed.","og_url":"https:\/\/www.toromuelleuno.com\/es\/contacto\/borrarme\/","og_site_name":"Toro Muelle Uno-cocina espa&ntilde;ola y tapas en M&aacute;laga","article_modified_time":"2018-05-24T15:54:00+00:00","schema":{"@context":"https:\/\/schema.org","@graph":[{"@type":"WebPage","@id":"https:\/\/www.toromuelleuno.com\/es\/contacto\/borrarme\/","url":"https:\/\/www.toromuelleuno.com\/es\/contacto\/borrarme\/","name":"Borrarme - Toro Muelle Uno-cocina espa&ntilde;ola y tapas en M&aacute;laga","isPartOf":{"@id":"https:\/\/www.toromuelleuno.com\/es\/#website"},"datePublished":"2018-05-24T15:53:19+00:00","dateModified":"2018-05-24T15:54:00+00:00","breadcrumb":{"@id":"https:\/\/www.toromuelleuno.com\/es\/contacto\/borrarme\/#breadcrumb"},"inLanguage":"es","potentialAction":[{"@type":"ReadAction","target":["https:\/\/www.toromuelleuno.com\/es\/contacto\/borrarme\/"]}]},{"@type":"BreadcrumbList","@id":"https:\/\/www.toromuelleuno.com\/es\/contacto\/borrarme\/#breadcrumb","itemListElement":[{"@type":"ListItem","position":1,"name":"Home","item":"https:\/\/www.toromuelleuno.com\/es\/"},{"@type":"ListItem","position":2,"name":"Contacto","item":"https:\/\/www.toromuelleuno.com\/es\/contacto\/"},{"@type":"ListItem","position":3,"name":"Borrarme"}]},{"@type":"WebSite","@id":"https:\/\/www.toromuelleuno.com\/es\/#website","url":"https:\/\/www.toromuelleuno.com\/es\/","name":"Toro Muelle Uno-cocina espa&ntilde;ola y tapas en M&aacute;laga","description":"Mejor restaurante en Malaga","potentialAction":[{"@type":"SearchAction","target":{"@type":"EntryPoint","urlTemplate":"https:\/\/www.toromuelleuno.com\/es\/?s={search_term_string}"},"query-input":{"@type":"PropertyValueSpecification","valueRequired":true,"valueName":"search_term_string"}}],"inLanguage":"es"}]}},"_links":{"self":[{"href":"https:\/\/www.toromuelleuno.com\/es\/wp-json\/wp\/v2\/pages\/545","targetHints":{"allow":["GET"]}}],"collection":[{"href":"https:\/\/www.toromuelleuno.com\/es\/wp-json\/wp\/v2\/pages"}],"about":[{"href":"https:\/\/www.toromuelleuno.com\/es\/wp-json\/wp\/v2\/types\/page"}],"author":[{"embeddable":true,"href":"https:\/\/www.toromuelleuno.com\/es\/wp-json\/wp\/v2\/users\/1"}],"replies":[{"embeddable":true,"href":"https:\/\/www.toromuelleuno.com\/es\/wp-json\/wp\/v2\/comments?post=545"}],"version-history":[{"count":1,"href":"https:\/\/www.toromuelleuno.com\/es\/wp-json\/wp\/v2\/pages\/545\/revisions"}],"predecessor-version":[{"id":548,"href":"https:\/\/www.toromuelleuno.com\/es\/wp-json\/wp\/v2\/pages\/545\/revisions\/548"}],"up":[{"embeddable":true,"href":"https:\/\/www.toromuelleuno.com\/es\/wp-json\/wp\/v2\/pages\/23"}],"wp:attachment":[{"href":"https:\/\/www.toromuelleuno.com\/es\/wp-json\/wp\/v2\/media?parent=545"}],"wp:term":[{"taxonomy":"category","embeddable":true,"href":"https:\/\/www.toromuelleuno.com\/es\/wp-json\/wp\/v2\/categories?post=545"}],"curies":[{"name":"wp","href":"https:\/\/api.w.org\/{rel}","templated":true}]}}