{"id":543,"date":"2018-05-24T17:52:11","date_gmt":"2018-05-24T15:52:11","guid":{"rendered":"http:\/\/www.toromuelleuno.com\/es\/?page_id=543"},"modified":"2018-05-24T17:52:11","modified_gmt":"2018-05-24T15:52:11","slug":"solicitud-mis-datos-personales","status":"publish","type":"page","link":"https:\/\/www.toromuelleuno.com\/es\/contacto\/solicitud-mis-datos-personales\/","title":{"rendered":"Solicitud de mis datos personales"},"content":{"rendered":"<p>La regulaci\u00f3n GDPR le da derecho a solicitar sus datos personales que nos ha enviado a trav\u00e9s de este sitio web o por cualquier otro medio.<\/p>\n<div class=\"frm_forms  with_frm_style frm_style_formidable-style\" id=\"frm_form_6_container\" >\n<form enctype=\"multipart\/form-data\" method=\"post\" class=\"frm-show-form  frm_pro_form \" id=\"form_contact22\" >\n<div class=\"frm_form_fields \">\n<fieldset>\n<legend class=\"frm_screen_reader\">Request for data<\/legend>\r\n\r\n<div class=\"frm_fields_container\">\n<input type=\"hidden\" name=\"frm_action\" value=\"create\" \/>\n<input type=\"hidden\" name=\"form_id\" value=\"6\" \/>\n<input type=\"hidden\" name=\"frm_hide_fields_6\" id=\"frm_hide_fields_6\" value=\"\" \/>\n<input type=\"hidden\" name=\"form_key\" value=\"contact22\" \/>\n<input type=\"hidden\" name=\"item_meta[0]\" value=\"\" \/>\n<input type=\"hidden\" id=\"frm_submit_entry_6\" name=\"frm_submit_entry_6\" value=\"7358194a6d\" \/><input type=\"hidden\" name=\"_wp_http_referer\" value=\"\/es\/wp-json\/wp\/v2\/pages\/543\" \/><div id=\"frm_field_69_container\" class=\"frm_form_field form-field  frm_required_field frm_top_container frm_first frm_half\">\r\n    <label for=\"field_qh4icy52\" class=\"frm_primary_label\">Nombre\r\n        <span class=\"frm_required\"><\/span>\r\n    <\/label>\r\n    <input  type=\"text\" id=\"field_qh4icy52\" name=\"item_meta[69]\" value=\"\"  data-reqmsg=\"Nombre cannot be blank.\" aria-required=\"true\" data-invmsg=\"Name is invalid\" aria-invalid=\"false\"   \/>\r\n    \r\n    \r\n<\/div>\n<div id=\"frm_field_70_container\" class=\"frm_form_field form-field  frm_required_field frm_hidden_container frm_half\">\r\n    <label for=\"field_ocfup152\" class=\"frm_primary_label\">Apellido\r\n        <span class=\"frm_required\"><\/span>\r\n    <\/label>\r\n    <input  type=\"text\" id=\"field_ocfup152\" name=\"item_meta[70]\" value=\"\"  data-reqmsg=\"Apellido cannot be blank.\" aria-required=\"true\" data-invmsg=\"Last is invalid\" aria-invalid=\"false\"   \/>\r\n    \r\n    \r\n<\/div>\n<div id=\"frm_field_71_container\" class=\"frm_form_field form-field  frm_required_field frm_top_container frm_first frm_half\">\r\n    <label for=\"field_29yf4d52\" class=\"frm_primary_label\">Email\r\n        <span class=\"frm_required\"><\/span>\r\n    <\/label>\r\n    <input type=\"email\" id=\"field_29yf4d52\" name=\"item_meta[71]\" value=\"\"  data-reqmsg=\"Email cannot be blank.\" aria-required=\"true\" data-invmsg=\"Please enter a valid email address\" aria-invalid=\"false\"  \/>\r\n    \r\n    \r\n<\/div>\n<div id=\"frm_field_72_container\" class=\"frm_form_field form-field  frm_top_container frm_half\">\r\n    <label for=\"field_e6lis652\" class=\"frm_primary_label\">Tema\r\n        <span class=\"frm_required\"><\/span>\r\n    <\/label>\r\n    <input  type=\"text\" id=\"field_e6lis652\" name=\"item_meta[72]\" value=\"Por favor env\u00edeme cualquier informaci\u00f3n que tenga sobre m\u00ed\"  readonly=\"readonly\"  data-frmval=\"Por favor env\u00edeme cualquier informaci\u00f3n que tenga sobre m\u00ed\" data-invmsg=\"Subject is invalid\" aria-invalid=\"false\"   \/>\r\n    \r\n    \r\n<\/div>\n<div id=\"frm_field_73_container\" class=\"frm_form_field form-field  frm_required_field frm_top_container frm_full\">\r\n    <label for=\"field_9jv0r152\" class=\"frm_primary_label\">Mensaje\r\n        <span class=\"frm_required\"><\/span>\r\n    <\/label>\r\n    <textarea name=\"item_meta[73]\" id=\"field_9jv0r152\" rows=\"5\"  data-reqmsg=\"Mensaje cannot be blank.\" aria-required=\"true\" data-invmsg=\"Mensaje no es v\u00e1lido\" aria-invalid=\"false\"  ><\/textarea>\r\n    \r\n    \r\n<\/div>\n\t<input type=\"hidden\" name=\"item_key\" value=\"\" \/>\n\t\t\t<div id=\"frm_field_74_container\">\n\t\t\t<label for=\"field_m24sn\" >\n\t\t\t\tSi eres humano, deja este campo en blanco.\t\t\t<\/label>\n\t\t\t<input  id=\"field_m24sn\" type=\"text\" class=\"frm_form_field form-field frm_verify\" name=\"item_meta[74]\" value=\"\"  \/>\n\t\t<\/div>\n\t\t<input name=\"frm_state\" type=\"hidden\" value=\"Z7nN8PA7ViLRopEz93PG3aiWRbvU1lwsMs7M5KPuLuWVUPs2YUZJ2GbuFvxOGT4s\" \/><div class=\"frm_submit\">\r\n\r\n<button class=\"frm_button_submit frm_final_submit\" type=\"submit\"   formnovalidate=\"formnovalidate\">Enviar<\/button>\r\n\r\n<\/div><\/div>\n<\/fieldset>\n<\/div>\n\n<p style=\"display: none !important;\" class=\"akismet-fields-container\" data-prefix=\"ak_\"><label>&#916;<textarea name=\"ak_hp_textarea\" cols=\"45\" rows=\"8\" maxlength=\"100\"><\/textarea><\/label><input type=\"hidden\" id=\"ak_js_1\" name=\"ak_js\" value=\"9\"\/><script>document.getElementById( \"ak_js_1\" ).setAttribute( \"value\", ( new Date() ).getTime() );<\/script><\/p><\/form>\n<\/div>\n\n","protected":false},"excerpt":{"rendered":"<p>La regulaci\u00f3n GDPR le da derecho a solicitar sus datos personales que nos ha enviado a trav\u00e9s de este sitio web o por cualquier otro medio.<\/p>\n","protected":false},"author":1,"featured_media":0,"parent":23,"menu_order":0,"comment_status":"closed","ping_status":"closed","template":"page-fullwidth.php","meta":{"ngg_post_thumbnail":0,"footnotes":""},"categories":[],"class_list":["post-543","page","type-page","status-publish","hentry"],"yoast_head":"<!-- This site is optimized with the Yoast SEO plugin v27.4 - https:\/\/yoast.com\/product\/yoast-seo-wordpress\/ -->\n<title>Solicitud de mis datos personales - Toro Muelle Uno-cocina espa&ntilde;ola y tapas en M&aacute;laga<\/title>\n<meta name=\"robots\" content=\"index, follow, max-snippet:-1, max-image-preview:large, max-video-preview:-1\" \/>\n<link rel=\"canonical\" href=\"https:\/\/www.toromuelleuno.com\/es\/contacto\/solicitud-mis-datos-personales\/\" \/>\n<meta property=\"og:locale\" content=\"es_ES\" \/>\n<meta property=\"og:type\" content=\"article\" \/>\n<meta property=\"og:title\" content=\"Solicitud de mis datos personales - Toro Muelle Uno-cocina espa&ntilde;ola y tapas en M&aacute;laga\" \/>\n<meta property=\"og:description\" content=\"La regulaci\u00f3n GDPR le da derecho a solicitar sus datos personales que nos ha enviado a trav\u00e9s de este sitio web o por cualquier otro medio.\" \/>\n<meta property=\"og:url\" content=\"https:\/\/www.toromuelleuno.com\/es\/contacto\/solicitud-mis-datos-personales\/\" \/>\n<meta property=\"og:site_name\" content=\"Toro Muelle Uno-cocina espa&ntilde;ola y tapas en M&aacute;laga\" \/>\n<script type=\"application\/ld+json\" class=\"yoast-schema-graph\">{\"@context\":\"https:\\\/\\\/schema.org\",\"@graph\":[{\"@type\":\"WebPage\",\"@id\":\"https:\\\/\\\/www.toromuelleuno.com\\\/es\\\/contacto\\\/solicitud-mis-datos-personales\\\/\",\"url\":\"https:\\\/\\\/www.toromuelleuno.com\\\/es\\\/contacto\\\/solicitud-mis-datos-personales\\\/\",\"name\":\"Solicitud de mis datos personales - Toro Muelle Uno-cocina espa&ntilde;ola y tapas en M&aacute;laga\",\"isPartOf\":{\"@id\":\"https:\\\/\\\/www.toromuelleuno.com\\\/es\\\/#website\"},\"datePublished\":\"2018-05-24T15:52:11+00:00\",\"breadcrumb\":{\"@id\":\"https:\\\/\\\/www.toromuelleuno.com\\\/es\\\/contacto\\\/solicitud-mis-datos-personales\\\/#breadcrumb\"},\"inLanguage\":\"es\",\"potentialAction\":[{\"@type\":\"ReadAction\",\"target\":[\"https:\\\/\\\/www.toromuelleuno.com\\\/es\\\/contacto\\\/solicitud-mis-datos-personales\\\/\"]}]},{\"@type\":\"BreadcrumbList\",\"@id\":\"https:\\\/\\\/www.toromuelleuno.com\\\/es\\\/contacto\\\/solicitud-mis-datos-personales\\\/#breadcrumb\",\"itemListElement\":[{\"@type\":\"ListItem\",\"position\":1,\"name\":\"Home\",\"item\":\"https:\\\/\\\/www.toromuelleuno.com\\\/es\\\/\"},{\"@type\":\"ListItem\",\"position\":2,\"name\":\"Contacto\",\"item\":\"https:\\\/\\\/www.toromuelleuno.com\\\/es\\\/contacto\\\/\"},{\"@type\":\"ListItem\",\"position\":3,\"name\":\"Solicitud de mis datos personales\"}]},{\"@type\":\"WebSite\",\"@id\":\"https:\\\/\\\/www.toromuelleuno.com\\\/es\\\/#website\",\"url\":\"https:\\\/\\\/www.toromuelleuno.com\\\/es\\\/\",\"name\":\"Toro Muelle Uno-cocina espa&ntilde;ola y tapas en M&aacute;laga\",\"description\":\"Mejor restaurante en Malaga\",\"potentialAction\":[{\"@type\":\"SearchAction\",\"target\":{\"@type\":\"EntryPoint\",\"urlTemplate\":\"https:\\\/\\\/www.toromuelleuno.com\\\/es\\\/?s={search_term_string}\"},\"query-input\":{\"@type\":\"PropertyValueSpecification\",\"valueRequired\":true,\"valueName\":\"search_term_string\"}}],\"inLanguage\":\"es\"}]}<\/script>\n<!-- \/ Yoast SEO plugin. -->","yoast_head_json":{"title":"Solicitud de mis datos personales - Toro Muelle Uno-cocina espa&ntilde;ola y tapas en M&aacute;laga","robots":{"index":"index","follow":"follow","max-snippet":"max-snippet:-1","max-image-preview":"max-image-preview:large","max-video-preview":"max-video-preview:-1"},"canonical":"https:\/\/www.toromuelleuno.com\/es\/contacto\/solicitud-mis-datos-personales\/","og_locale":"es_ES","og_type":"article","og_title":"Solicitud de mis datos personales - Toro Muelle Uno-cocina espa&ntilde;ola y tapas en M&aacute;laga","og_description":"La regulaci\u00f3n GDPR le da derecho a solicitar sus datos personales que nos ha enviado a trav\u00e9s de este sitio web o por cualquier otro medio.","og_url":"https:\/\/www.toromuelleuno.com\/es\/contacto\/solicitud-mis-datos-personales\/","og_site_name":"Toro Muelle Uno-cocina espa&ntilde;ola y tapas en M&aacute;laga","schema":{"@context":"https:\/\/schema.org","@graph":[{"@type":"WebPage","@id":"https:\/\/www.toromuelleuno.com\/es\/contacto\/solicitud-mis-datos-personales\/","url":"https:\/\/www.toromuelleuno.com\/es\/contacto\/solicitud-mis-datos-personales\/","name":"Solicitud de mis datos personales - Toro Muelle Uno-cocina espa&ntilde;ola y tapas en M&aacute;laga","isPartOf":{"@id":"https:\/\/www.toromuelleuno.com\/es\/#website"},"datePublished":"2018-05-24T15:52:11+00:00","breadcrumb":{"@id":"https:\/\/www.toromuelleuno.com\/es\/contacto\/solicitud-mis-datos-personales\/#breadcrumb"},"inLanguage":"es","potentialAction":[{"@type":"ReadAction","target":["https:\/\/www.toromuelleuno.com\/es\/contacto\/solicitud-mis-datos-personales\/"]}]},{"@type":"BreadcrumbList","@id":"https:\/\/www.toromuelleuno.com\/es\/contacto\/solicitud-mis-datos-personales\/#breadcrumb","itemListElement":[{"@type":"ListItem","position":1,"name":"Home","item":"https:\/\/www.toromuelleuno.com\/es\/"},{"@type":"ListItem","position":2,"name":"Contacto","item":"https:\/\/www.toromuelleuno.com\/es\/contacto\/"},{"@type":"ListItem","position":3,"name":"Solicitud de mis datos personales"}]},{"@type":"WebSite","@id":"https:\/\/www.toromuelleuno.com\/es\/#website","url":"https:\/\/www.toromuelleuno.com\/es\/","name":"Toro Muelle Uno-cocina espa&ntilde;ola y tapas en M&aacute;laga","description":"Mejor restaurante en Malaga","potentialAction":[{"@type":"SearchAction","target":{"@type":"EntryPoint","urlTemplate":"https:\/\/www.toromuelleuno.com\/es\/?s={search_term_string}"},"query-input":{"@type":"PropertyValueSpecification","valueRequired":true,"valueName":"search_term_string"}}],"inLanguage":"es"}]}},"_links":{"self":[{"href":"https:\/\/www.toromuelleuno.com\/es\/wp-json\/wp\/v2\/pages\/543","targetHints":{"allow":["GET"]}}],"collection":[{"href":"https:\/\/www.toromuelleuno.com\/es\/wp-json\/wp\/v2\/pages"}],"about":[{"href":"https:\/\/www.toromuelleuno.com\/es\/wp-json\/wp\/v2\/types\/page"}],"author":[{"embeddable":true,"href":"https:\/\/www.toromuelleuno.com\/es\/wp-json\/wp\/v2\/users\/1"}],"replies":[{"embeddable":true,"href":"https:\/\/www.toromuelleuno.com\/es\/wp-json\/wp\/v2\/comments?post=543"}],"version-history":[{"count":1,"href":"https:\/\/www.toromuelleuno.com\/es\/wp-json\/wp\/v2\/pages\/543\/revisions"}],"predecessor-version":[{"id":544,"href":"https:\/\/www.toromuelleuno.com\/es\/wp-json\/wp\/v2\/pages\/543\/revisions\/544"}],"up":[{"embeddable":true,"href":"https:\/\/www.toromuelleuno.com\/es\/wp-json\/wp\/v2\/pages\/23"}],"wp:attachment":[{"href":"https:\/\/www.toromuelleuno.com\/es\/wp-json\/wp\/v2\/media?parent=543"}],"wp:term":[{"taxonomy":"category","embeddable":true,"href":"https:\/\/www.toromuelleuno.com\/es\/wp-json\/wp\/v2\/categories?post=543"}],"curies":[{"name":"wp","href":"https:\/\/api.w.org\/{rel}","templated":true}]}}