{"id":529,"date":"2018-05-24T17:44:18","date_gmt":"2018-05-24T15:44:18","guid":{"rendered":"http:\/\/www.toromuelleuno.com\/es\/?page_id=529"},"modified":"2018-05-24T17:59:40","modified_gmt":"2018-05-24T15:59:40","slug":"politica-de-privacidad","status":"publish","type":"page","link":"https:\/\/www.toromuelleuno.com\/es\/politica-de-privacidad\/","title":{"rendered":"Pol\u00edtica de privacidad"},"content":{"rendered":"<h2>Recolecci\u00f3n y derecho de acceso de los datos recolectados<\/h2>\n<ul>\n<li>La Informaci\u00f3n que proporcione antes de cualquier proceso de registro, como su correo electr\u00f3nico cuando nos lo proporcione;<\/li>\n<li>Cuando llame o nos proporcione cualquier proceso de registro, incluso en relaci\u00f3n con una oferta de marca compartida (como su nombre, nombre de la empresa, direcci\u00f3n de correo electr\u00f3nico, n\u00famero de tel\u00e9fono, direcci\u00f3n de facturaci\u00f3n o informaci\u00f3n de la tarjeta de cr\u00e9dito) env\u00edenos un correo electr\u00f3nico (para soporte o de otro tipo) o cuando use nuestros productos o servicios; y<\/li>\n<li>La informaci\u00f3n de pago que nos proporciona (a trav\u00e9s de nuestros servicios o de otro modo) cuando compra algunos de nuestros productos y servicios, incluidos los datos de la tarjeta de cr\u00e9dito.<\/li>\n<\/ul>\n<p>Usted tiene derecho a recoger cualquiera de sus datos personales en este sitio y puede solicitarlo completando este formulario <a href=\"http:\/\/www.toromuelleuno.com\/es\/contacto\/solicitud-mis-datos-personales\/\">aqui<\/a><\/p>\n<h2 id=\"how-we-use-your-information\">C\u00f3mo usamos su informaci\u00f3n<\/h2>\n<p>Tenemos un inter\u00e9s leg\u00edtimo en la ejecuci\u00f3n, y utilizamos la informaci\u00f3n que recopilamos sobre usted, para los siguientes prop\u00f3sitos:<\/p>\n<ul>\n<li>Para proporcionarle los Servicios solicitados;<\/li>\n<li>Para proporcionarle contenido \u00fatil;<\/li>\n<li>Para garantizar el correcto funcionamiento de nuestros servicios<\/li>\n<li>Para ofrecer y mejorar nuestros servicios;<\/li>\n<li>Para proporcionarle informaci\u00f3n solicitada o asistencia t\u00e9cnica<\/li>\n<li>Para facilitar su movimiento a trav\u00e9s de nuestros sitios web o su uso de nuestros Servicios;<\/li>\n<li>Para hacer un mejor trabajo de publicidad y comercializaci\u00f3n de nuestros servicios (nuestro uso de su informaci\u00f3n es requerido por la ley aplicable);<\/li>\n<li>En relaci\u00f3n con nuestros programas de seguridad y cumplimiento;<\/li>\n<li>Para administrar nuestros sitios web;<\/li>\n<li>Para comunicarse con usted<\/li>\n<li>Para ayudarnos a ofrecerle una experiencia personalizada o personalizar nuestros servicios para usted;<\/li>\n<li>Como se describe de otra manera en esta pol\u00edtica de privacidad.<\/li>\n<\/ul>\n<p>La informaci\u00f3n de pago que nos proporcione, incluidos los datos de la tarjeta de cr\u00e9dito, se utilizar\u00e1 para facilitar el pago de nuestros productos y servicios.<\/p>\n<h2 id=\"sharing-of-information\">Compartir informaci\u00f3n<\/h2>\n<p>Compartimos informaci\u00f3n personal con otros miembros de Toro Muelleuno. Cualquiera de esas filiales corporativas puede usar su informaci\u00f3n solo de acuerdo con los t\u00e9rminos de esta pol\u00edtica de privacidad. Si se encuentra en una jurisdicci\u00f3n donde tal intercambio requiere su permiso, solo le proporcionaremos su consentimiento.<\/p>\n<h2>Derecho a ser olvidado<\/h2>\n<p>Puede estar aqu\u00ed para eliminar cualquiera de sus datos personales de nuestro sitio y sistema de acuerdo con las regulaciones GDPR, esto puede hacerse al completar una solicitud <a href=\"http:\/\/www.toromuelleuno.com\/es\/contacto\/borrarme\/\">aqui<\/a><\/p>\n","protected":false},"excerpt":{"rendered":"<p>Recolecci\u00f3n y derecho de acceso de los datos recolectados La Informaci\u00f3n que proporcione antes de cualquier proceso de registro, como su correo electr\u00f3nico cuando nos lo proporcione; Cuando llame o nos proporcione cualquier proceso de registro, incluso en relaci\u00f3n con una oferta de marca compartida (como su nombre, nombre de la empresa, direcci\u00f3n de correo [&hellip;]<\/p>\n","protected":false},"author":1,"featured_media":0,"parent":0,"menu_order":0,"comment_status":"closed","ping_status":"closed","template":"page-fullwidth.php","meta":{"ngg_post_thumbnail":0,"footnotes":""},"categories":[],"class_list":["post-529","page","type-page","status-publish","hentry"],"yoast_head":"<!-- This site is optimized with the Yoast SEO plugin v27.4 - https:\/\/yoast.com\/product\/yoast-seo-wordpress\/ -->\n<title>Pol\u00edtica de privacidad - Toro Muelle Uno-cocina espa&ntilde;ola y tapas en M&aacute;laga<\/title>\n<meta name=\"robots\" content=\"index, follow, max-snippet:-1, max-image-preview:large, max-video-preview:-1\" \/>\n<link rel=\"canonical\" href=\"https:\/\/www.toromuelleuno.com\/es\/politica-de-privacidad\/\" \/>\n<meta property=\"og:locale\" content=\"es_ES\" \/>\n<meta property=\"og:type\" content=\"article\" \/>\n<meta property=\"og:title\" content=\"Pol\u00edtica de privacidad - Toro Muelle Uno-cocina espa&ntilde;ola y tapas en M&aacute;laga\" \/>\n<meta property=\"og:description\" content=\"Recolecci\u00f3n y derecho de acceso de los datos recolectados La Informaci\u00f3n que proporcione antes de cualquier proceso de registro, como su correo electr\u00f3nico cuando nos lo proporcione; Cuando llame o nos proporcione cualquier proceso de registro, incluso en relaci\u00f3n con una oferta de marca compartida (como su nombre, nombre de la empresa, direcci\u00f3n de correo [&hellip;]\" \/>\n<meta property=\"og:url\" content=\"https:\/\/www.toromuelleuno.com\/es\/politica-de-privacidad\/\" \/>\n<meta property=\"og:site_name\" content=\"Toro Muelle Uno-cocina espa&ntilde;ola y tapas en M&aacute;laga\" \/>\n<meta property=\"article:modified_time\" content=\"2018-05-24T15:59:40+00:00\" \/>\n<meta name=\"twitter:label1\" content=\"Tiempo de lectura\" \/>\n\t<meta name=\"twitter:data1\" content=\"2 minutos\" \/>\n<script type=\"application\/ld+json\" class=\"yoast-schema-graph\">{\"@context\":\"https:\\\/\\\/schema.org\",\"@graph\":[{\"@type\":\"WebPage\",\"@id\":\"https:\\\/\\\/www.toromuelleuno.com\\\/es\\\/politica-de-privacidad\\\/\",\"url\":\"https:\\\/\\\/www.toromuelleuno.com\\\/es\\\/politica-de-privacidad\\\/\",\"name\":\"Pol\u00edtica de privacidad - Toro Muelle Uno-cocina espa&ntilde;ola y tapas en M&aacute;laga\",\"isPartOf\":{\"@id\":\"https:\\\/\\\/www.toromuelleuno.com\\\/es\\\/#website\"},\"datePublished\":\"2018-05-24T15:44:18+00:00\",\"dateModified\":\"2018-05-24T15:59:40+00:00\",\"breadcrumb\":{\"@id\":\"https:\\\/\\\/www.toromuelleuno.com\\\/es\\\/politica-de-privacidad\\\/#breadcrumb\"},\"inLanguage\":\"es\",\"potentialAction\":[{\"@type\":\"ReadAction\",\"target\":[\"https:\\\/\\\/www.toromuelleuno.com\\\/es\\\/politica-de-privacidad\\\/\"]}]},{\"@type\":\"BreadcrumbList\",\"@id\":\"https:\\\/\\\/www.toromuelleuno.com\\\/es\\\/politica-de-privacidad\\\/#breadcrumb\",\"itemListElement\":[{\"@type\":\"ListItem\",\"position\":1,\"name\":\"Home\",\"item\":\"https:\\\/\\\/www.toromuelleuno.com\\\/es\\\/\"},{\"@type\":\"ListItem\",\"position\":2,\"name\":\"Pol\u00edtica de privacidad\"}]},{\"@type\":\"WebSite\",\"@id\":\"https:\\\/\\\/www.toromuelleuno.com\\\/es\\\/#website\",\"url\":\"https:\\\/\\\/www.toromuelleuno.com\\\/es\\\/\",\"name\":\"Toro Muelle Uno-cocina espa&ntilde;ola y tapas en M&aacute;laga\",\"description\":\"Mejor restaurante en Malaga\",\"potentialAction\":[{\"@type\":\"SearchAction\",\"target\":{\"@type\":\"EntryPoint\",\"urlTemplate\":\"https:\\\/\\\/www.toromuelleuno.com\\\/es\\\/?s={search_term_string}\"},\"query-input\":{\"@type\":\"PropertyValueSpecification\",\"valueRequired\":true,\"valueName\":\"search_term_string\"}}],\"inLanguage\":\"es\"}]}<\/script>\n<!-- \/ Yoast SEO plugin. -->","yoast_head_json":{"title":"Pol\u00edtica de privacidad - Toro Muelle Uno-cocina espa&ntilde;ola y tapas en M&aacute;laga","robots":{"index":"index","follow":"follow","max-snippet":"max-snippet:-1","max-image-preview":"max-image-preview:large","max-video-preview":"max-video-preview:-1"},"canonical":"https:\/\/www.toromuelleuno.com\/es\/politica-de-privacidad\/","og_locale":"es_ES","og_type":"article","og_title":"Pol\u00edtica de privacidad - Toro Muelle Uno-cocina espa&ntilde;ola y tapas en M&aacute;laga","og_description":"Recolecci\u00f3n y derecho de acceso de los datos recolectados La Informaci\u00f3n que proporcione antes de cualquier proceso de registro, como su correo electr\u00f3nico cuando nos lo proporcione; Cuando llame o nos proporcione cualquier proceso de registro, incluso en relaci\u00f3n con una oferta de marca compartida (como su nombre, nombre de la empresa, direcci\u00f3n de correo [&hellip;]","og_url":"https:\/\/www.toromuelleuno.com\/es\/politica-de-privacidad\/","og_site_name":"Toro Muelle Uno-cocina espa&ntilde;ola y tapas en M&aacute;laga","article_modified_time":"2018-05-24T15:59:40+00:00","twitter_misc":{"Tiempo de lectura":"2 minutos"},"schema":{"@context":"https:\/\/schema.org","@graph":[{"@type":"WebPage","@id":"https:\/\/www.toromuelleuno.com\/es\/politica-de-privacidad\/","url":"https:\/\/www.toromuelleuno.com\/es\/politica-de-privacidad\/","name":"Pol\u00edtica de privacidad - Toro Muelle Uno-cocina espa&ntilde;ola y tapas en M&aacute;laga","isPartOf":{"@id":"https:\/\/www.toromuelleuno.com\/es\/#website"},"datePublished":"2018-05-24T15:44:18+00:00","dateModified":"2018-05-24T15:59:40+00:00","breadcrumb":{"@id":"https:\/\/www.toromuelleuno.com\/es\/politica-de-privacidad\/#breadcrumb"},"inLanguage":"es","potentialAction":[{"@type":"ReadAction","target":["https:\/\/www.toromuelleuno.com\/es\/politica-de-privacidad\/"]}]},{"@type":"BreadcrumbList","@id":"https:\/\/www.toromuelleuno.com\/es\/politica-de-privacidad\/#breadcrumb","itemListElement":[{"@type":"ListItem","position":1,"name":"Home","item":"https:\/\/www.toromuelleuno.com\/es\/"},{"@type":"ListItem","position":2,"name":"Pol\u00edtica de privacidad"}]},{"@type":"WebSite","@id":"https:\/\/www.toromuelleuno.com\/es\/#website","url":"https:\/\/www.toromuelleuno.com\/es\/","name":"Toro Muelle Uno-cocina espa&ntilde;ola y tapas en M&aacute;laga","description":"Mejor restaurante en Malaga","potentialAction":[{"@type":"SearchAction","target":{"@type":"EntryPoint","urlTemplate":"https:\/\/www.toromuelleuno.com\/es\/?s={search_term_string}"},"query-input":{"@type":"PropertyValueSpecification","valueRequired":true,"valueName":"search_term_string"}}],"inLanguage":"es"}]}},"_links":{"self":[{"href":"https:\/\/www.toromuelleuno.com\/es\/wp-json\/wp\/v2\/pages\/529","targetHints":{"allow":["GET"]}}],"collection":[{"href":"https:\/\/www.toromuelleuno.com\/es\/wp-json\/wp\/v2\/pages"}],"about":[{"href":"https:\/\/www.toromuelleuno.com\/es\/wp-json\/wp\/v2\/types\/page"}],"author":[{"embeddable":true,"href":"https:\/\/www.toromuelleuno.com\/es\/wp-json\/wp\/v2\/users\/1"}],"replies":[{"embeddable":true,"href":"https:\/\/www.toromuelleuno.com\/es\/wp-json\/wp\/v2\/comments?post=529"}],"version-history":[{"count":1,"href":"https:\/\/www.toromuelleuno.com\/es\/wp-json\/wp\/v2\/pages\/529\/revisions"}],"predecessor-version":[{"id":549,"href":"https:\/\/www.toromuelleuno.com\/es\/wp-json\/wp\/v2\/pages\/529\/revisions\/549"}],"wp:attachment":[{"href":"https:\/\/www.toromuelleuno.com\/es\/wp-json\/wp\/v2\/media?parent=529"}],"wp:term":[{"taxonomy":"category","embeddable":true,"href":"https:\/\/www.toromuelleuno.com\/es\/wp-json\/wp\/v2\/categories?post=529"}],"curies":[{"name":"wp","href":"https:\/\/api.w.org\/{rel}","templated":true}]}}